{"id":6404,"date":"2023-02-02T07:14:32","date_gmt":"2023-02-02T07:14:32","guid":{"rendered":"https:\/\/kober.dikonzept.info\/?page_id=6404"},"modified":"2024-05-27T10:55:08","modified_gmt":"2024-05-27T08:55:08","slug":"kober-lightning-gmbh-impressum","status":"publish","type":"page","link":"https:\/\/www.kober-lightning.de\/index.php\/kober-lightning-gmbh-impressum\/","title":{"rendered":"Impressum"},"content":{"rendered":"<p>[et_pb_section fb_built=&#8220;1&#8243; _builder_version=&#8220;4.19.5&#8243; _module_preset=&#8220;default&#8220; global_colors_info=&#8220;{}&#8220;][et_pb_row _builder_version=&#8220;4.19.5&#8243; _module_preset=&#8220;default&#8220; global_colors_info=&#8220;{}&#8220;][et_pb_column type=&#8220;4_4&#8243; _builder_version=&#8220;4.19.5&#8243; _module_preset=&#8220;default&#8220; global_colors_info=&#8220;{}&#8220;][et_pb_text _builder_version=&#8220;4.19.5&#8243; _module_preset=&#8220;default&#8220; global_colors_info=&#8220;{}&#8220;]<\/p>\n<h2>Impressum\u00a0\u00a0<\/h2>\n<p>Kober lightning GmbH<br \/>Koblenz-Olper-Stra\u00dfe 10b<br \/>57548 Kirchen \u2013 Wehbach<\/p>\n<p>Handelsregister: HRB 27568<br \/>Registergericht: Montabaur<\/p>\n<p><strong>Vertreten durch:<\/strong><br \/>Kevin Braun, Christoph Schlate<\/p>\n<h2>Kontakt<\/h2>\n<p>Telefon: 027419377930<br \/>E-Mail: info@kober-lightning.de<\/p>\n<h2>Umsatzsteuer-ID<\/h2>\n<p>Umsatzsteuer-Identifikationsnummer gem\u00e4\u00df \u00a7 27 a Umsatzsteuergesetz:<br \/>DE339495436<\/p>\n<h2>Verbraucher\u00adstreit\u00adbeilegung\/Universal\u00adschlichtungs\u00adstelle<\/h2>\n<p>Wir sind nicht bereit oder verpflichtet, an Streitbeilegungsverfahren vor einer Verbraucherschlichtungsstelle teilzunehmen.<\/p>\n<h3>Haftung f\u00fcr Inhalte<\/h3>\n<p>Als Diensteanbieter sind wir gem\u00e4\u00df \u00a7 7 Abs.1 TMG f\u00fcr eigene Inhalte auf diesen Seiten nach den allgemeinen Gesetzen verantwortlich. Nach \u00a7\u00a7 8 bis 10 TMG sind wir als Diensteanbieter jedoch nicht verpflichtet, \u00fcbermittelte oder gespeicherte fremde Informationen zu \u00fcberwachen oder nach Umst\u00e4nden zu forschen, die auf eine rechtswidrige T\u00e4tigkeit hinweisen.<\/p>\n<p>Verpflichtungen zur Entfernung oder Sperrung der Nutzung von Informationen nach den allgemeinen Gesetzen bleiben hiervon unber\u00fchrt. Eine diesbez\u00fcgliche Haftung ist jedoch erst ab dem Zeitpunkt der Kenntnis einer konkreten Rechtsverletzung m\u00f6glich. Bei Bekanntwerden von entsprechenden Rechtsverletzungen werden wir diese Inhalte umgehend entfernen.<\/p>\n<h3>Haftung f\u00fcr Links<\/h3>\n<p>Unser Angebot enth\u00e4lt Links zu externen Websites Dritter, auf deren Inhalte wir keinen Einfluss haben. Deshalb k\u00f6nnen wir f\u00fcr diese fremden Inhalte auch keine Gew\u00e4hr \u00fcbernehmen. F\u00fcr die Inhalte der verlinkten Seiten ist stets der jeweilige Anbieter oder Betreiber der Seiten verantwortlich. Die verlinkten Seiten wurden zum Zeitpunkt der Verlinkung auf m\u00f6gliche Rechtsverst\u00f6\u00dfe \u00fcberpr\u00fcft. Rechtswidrige Inhalte waren zum Zeitpunkt der Verlinkung nicht erkennbar.<\/p>\n<p>Eine permanente inhaltliche Kontrolle der verlinkten Seiten ist jedoch ohne konkrete Anhaltspunkte einer Rechtsverletzung nicht zumutbar. Bei Bekanntwerden von Rechtsverletzungen werden wir derartige Links umgehend entfernen.<\/p>\n<h3>Urheberrecht<\/h3>\n<p>Die durch die Seitenbetreiber erstellten Inhalte und Werke auf diesen Seiten unterliegen dem deutschen Urheberrecht. Die Vervielf\u00e4ltigung, Bearbeitung, Verbreitung und jede Art der Verwertung au\u00dferhalb der Grenzen des Urheberrechtes bed\u00fcrfen der schriftlichen Zustimmung des jeweiligen Autors bzw. Erstellers. Downloads und Kopien dieser Seite sind nur f\u00fcr den privaten, nicht kommerziellen Gebrauch gestattet.<\/p>\n<p>Soweit die Inhalte auf dieser Seite nicht vom Betreiber erstellt wurden, werden die Urheberrechte Dritter beachtet. Insbesondere werden Inhalte Dritter als solche gekennzeichnet. Sollten Sie trotzdem auf eine Urheberrechtsverletzung aufmerksam werden, bitten wir um einen entsprechenden Hinweis. Bei Bekanntwerden von Rechtsverletzungen werden wir derartige Inhalte umgehend entfernen.<\/p>\n<p>Quelle:<span>\u00a0<\/span><a href=\"https:\/\/www.e-recht24.de\/\">https:\/\/www.e-recht24.de<\/a><\/p>\n<p>&nbsp;<\/p>\n<div class=\"articlearea\"><\/div>\n<div class=\"articlearea\"><\/div>\n<div class=\"articlearea\"><\/div>\n<p>[\/et_pb_text][\/et_pb_column][\/et_pb_row][\/et_pb_section][et_pb_section fb_built=&#8220;1&#8243; custom_padding_last_edited=&#8220;on|phone&#8220; parallax_method_1=&#8220;off&#8220; parallax_method_2=&#8220;off&#8220; admin_label=&#8220;Section&#8220; _builder_version=&#8220;4.16&#8243; background_color=&#8220;#282828&#8243; custom_padding=&#8220;75px||50px|||&#8220; custom_padding_tablet=&#8220;50px||50px|&#8220; custom_padding_phone=&#8220;&#8220; transparent_background=&#8220;off&#8220; global_module=&#8220;6533&#8243; saved_tabs=&#8220;all&#8220; global_colors_info=&#8220;{}&#8220;][et_pb_row column_structure=&#8220;2_3,1_3&#8243; use_custom_gutter=&#8220;on&#8220; gutter_width=&#8220;2&#8243; column_padding_mobile=&#8220;on&#8220; admin_label=&#8220;Row&#8220; _builder_version=&#8220;4.16&#8243; background_size=&#8220;initial&#8220; background_position=&#8220;top_left&#8220; background_repeat=&#8220;repeat&#8220; custom_padding=&#8220;0px||25px|&#8220; collapsed=&#8220;off&#8220; global_colors_info=&#8220;{}&#8220;][et_pb_column type=&#8220;2_3&#8243; _builder_version=&#8220;4.16&#8243; custom_padding=&#8220;|||&#8220; global_colors_info=&#8220;{}&#8220; custom_padding__hover=&#8220;|||&#8220;][et_pb_text admin_label=&#8220;Text&#8220; _builder_version=&#8220;4.19.5&#8243; text_font=&#8220;Raleway|on|||&#8220; text_text_color=&#8220;#ffffff&#8220; text_font_size=&#8220;28&#8243; text_line_height=&#8220;1.4em&#8220; header_font=&#8220;Roboto|700||on|||||&#8220; header_2_font=&#8220;Roboto|700||on|||||&#8220; header_2_text_color=&#8220;#FFFFFF&#8220; background_size=&#8220;initial&#8220; background_position=&#8220;top_left&#8220; background_repeat=&#8220;repeat&#8220; custom_margin=&#8220;||8px|&#8220; custom_css_main_element=&#8220;font-weight: 900;&#8220; use_border_color=&#8220;off&#8220; border_style=&#8220;solid&#8220; global_colors_info=&#8220;{}&#8220;]<\/p>\n<h2>\u00dcber uns<\/h2>\n<p>[\/et_pb_text][et_pb_text admin_label=&#8220;Text&#8220; _builder_version=&#8220;4.20.2&#8243; text_font=&#8220;Open Sans||||||||&#8220; text_text_color=&#8220;#FFFFFF&#8220; text_font_size=&#8220;15px&#8220; text_line_height=&#8220;1.5em&#8220; header_font=&#8220;||||||||&#8220; header_text_color=&#8220;#FFFFFF&#8220; background_size=&#8220;initial&#8220; background_position=&#8220;top_left&#8220; background_repeat=&#8220;repeat&#8220; custom_margin=&#8220;||30px|&#8220; custom_margin_tablet=&#8220;||10px|&#8220; custom_margin_phone=&#8220;&#8220; custom_margin_last_edited=&#8220;on|tablet&#8220; custom_padding=&#8220;0px|||&#8220; use_border_color=&#8220;off&#8220; border_style=&#8220;solid&#8220; global_colors_info=&#8220;{}&#8220;]<\/p>\n<p>Kober lightning GmbH<br \/>Koblenz-Olper-Stra\u00dfe 10b<br \/>57548 Kirchen \u2013 Wehbach<\/p>\n<div class=\"tel-info\"><a href=\"tel:+4927419377930\"><i class=\"lni-phone icons cyan-color contact-info-icon\"><\/i>Tel.: +49 (0)2741 937793-0<\/a><\/div>\n<p><a href=\"mailto:info@kober-lightning.de\"><i class=\"lni-envelope icons cyan-color contact-info-icon\"><\/i>info@kober-lightning.de<\/a><\/p>\n<p><a href=\"https:\/\/kober-lightning.de\">www.kober-lightning.de<\/a><\/p>\n<p>[\/et_pb_text][\/et_pb_column][et_pb_column type=&#8220;1_3&#8243; _builder_version=&#8220;4.16&#8243; custom_padding=&#8220;|||&#8220; global_colors_info=&#8220;{}&#8220; custom_padding__hover=&#8220;|||&#8220;][et_pb_text admin_label=&#8220;Text&#8220; _builder_version=&#8220;4.16&#8243; text_font=&#8220;Raleway|on|||&#8220; text_text_color=&#8220;#ffffff&#8220; text_font_size=&#8220;28&#8243; text_line_height=&#8220;1.4em&#8220; header_font=&#8220;Roboto|700||on|||||&#8220; header_2_font=&#8220;Roboto|700||on|||||&#8220; header_2_text_color=&#8220;#FFFFFF&#8220; background_size=&#8220;initial&#8220; background_position=&#8220;top_left&#8220; background_repeat=&#8220;repeat&#8220; custom_margin=&#8220;||8px|&#8220; custom_css_main_element=&#8220;font-weight: 900;&#8220; use_border_color=&#8220;off&#8220; border_style=&#8220;solid&#8220; global_colors_info=&#8220;{}&#8220;]<\/p>\n<h2>LINKS<\/h2>\n<p>[\/et_pb_text][et_pb_sidebar _builder_version=&#8220;4.20.2&#8243; _module_preset=&#8220;default&#8220; body_text_color=&#8220;#ffffff&#8220; global_colors_info=&#8220;{}&#8220;][\/et_pb_sidebar][\/et_pb_column][\/et_pb_row][\/et_pb_section]<\/p>\n","protected":false},"excerpt":{"rendered":"<p>Impressum\u00a0\u00a0 Kober lightning GmbHKoblenz-Olper-Stra\u00dfe 10b57548 Kirchen \u2013 Wehbach Handelsregister: HRB 27568Registergericht: Montabaur Vertreten durch:Kevin Braun, Christoph Schlate Kontakt Telefon: 027419377930E-Mail: info@kober-lightning.de Umsatzsteuer-ID Umsatzsteuer-Identifikationsnummer gem\u00e4\u00df \u00a7 27 a Umsatzsteuergesetz:DE339495436 Verbraucher\u00adstreit\u00adbeilegung\/Universal\u00adschlichtungs\u00adstelle Wir sind nicht bereit oder verpflichtet, an Streitbeilegungsverfahren vor einer Verbraucherschlichtungsstelle teilzunehmen. Haftung f\u00fcr Inhalte Als Diensteanbieter sind wir gem\u00e4\u00df \u00a7 7 Abs.1 TMG f\u00fcr eigene [&hellip;]<\/p>\n","protected":false},"author":2,"featured_media":0,"parent":0,"menu_order":0,"comment_status":"closed","ping_status":"closed","template":"","meta":{"_et_pb_use_builder":"on","_et_pb_old_content":"","_et_gb_content_width":"","footnotes":""},"class_list":["post-6404","page","type-page","status-publish","hentry"],"yoast_head":"<!-- This site is optimized with the Yoast SEO plugin v23.2 - https:\/\/yoast.com\/wordpress\/plugins\/seo\/ -->\n<title>Impressum - Kober lightning GmbH Blitzschutz | Photovoltaik | Elektroinstallation<\/title>\n<meta name=\"description\" content=\"Kober lightning GmbH - Impressum - Blitzschutz und Photovoltaik\" \/>\n<meta name=\"robots\" content=\"index, follow, max-snippet:-1, max-image-preview:large, max-video-preview:-1\" \/>\n<link rel=\"canonical\" href=\"https:\/\/www.kober-lightning.de\/index.php\/kober-lightning-gmbh-impressum\/\" \/>\n<meta property=\"og:locale\" content=\"de_DE\" \/>\n<meta property=\"og:type\" content=\"article\" \/>\n<meta property=\"og:title\" content=\"Impressum - Kober lightning GmbH Blitzschutz | Photovoltaik | Elektroinstallation\" \/>\n<meta property=\"og:description\" content=\"Kober lightning GmbH - Impressum - Blitzschutz und Photovoltaik\" \/>\n<meta property=\"og:url\" content=\"https:\/\/www.kober-lightning.de\/index.php\/kober-lightning-gmbh-impressum\/\" \/>\n<meta property=\"og:site_name\" content=\"Kober lightning GmbH Blitzschutz | Photovoltaik | Elektroinstallation\" \/>\n<meta property=\"article:modified_time\" content=\"2024-05-27T08:55:08+00:00\" \/>\n<meta name=\"twitter:card\" content=\"summary_large_image\" \/>\n<meta name=\"twitter:label1\" content=\"Gesch\u00e4tzte Lesezeit\" \/>\n\t<meta name=\"twitter:data1\" content=\"3\u00a0Minuten\" \/>\n<script type=\"application\/ld+json\" class=\"yoast-schema-graph\">{\"@context\":\"https:\/\/schema.org\",\"@graph\":[{\"@type\":\"WebPage\",\"@id\":\"https:\/\/www.kober-lightning.de\/index.php\/kober-lightning-gmbh-impressum\/\",\"url\":\"https:\/\/www.kober-lightning.de\/index.php\/kober-lightning-gmbh-impressum\/\",\"name\":\"Impressum - Kober lightning GmbH Blitzschutz | Photovoltaik | Elektroinstallation\",\"isPartOf\":{\"@id\":\"https:\/\/www.kober-lightning.de\/#website\"},\"datePublished\":\"2023-02-02T07:14:32+00:00\",\"dateModified\":\"2024-05-27T08:55:08+00:00\",\"description\":\"Kober lightning GmbH - Impressum - Blitzschutz und Photovoltaik\",\"breadcrumb\":{\"@id\":\"https:\/\/www.kober-lightning.de\/index.php\/kober-lightning-gmbh-impressum\/#breadcrumb\"},\"inLanguage\":\"de\",\"potentialAction\":[{\"@type\":\"ReadAction\",\"target\":[\"https:\/\/www.kober-lightning.de\/index.php\/kober-lightning-gmbh-impressum\/\"]}]},{\"@type\":\"BreadcrumbList\",\"@id\":\"https:\/\/www.kober-lightning.de\/index.php\/kober-lightning-gmbh-impressum\/#breadcrumb\",\"itemListElement\":[{\"@type\":\"ListItem\",\"position\":1,\"name\":\"Startseite\",\"item\":\"https:\/\/www.kober-lightning.de\/\"},{\"@type\":\"ListItem\",\"position\":2,\"name\":\"Impressum\"}]},{\"@type\":\"WebSite\",\"@id\":\"https:\/\/www.kober-lightning.de\/#website\",\"url\":\"https:\/\/www.kober-lightning.de\/\",\"name\":\"Kober lightning GmbH Blitzschutz | Photovoltaik | Elektroinstallation\",\"description\":\"Blitzschutz | Photovoltaik | Elektroinstallation\",\"publisher\":{\"@id\":\"https:\/\/www.kober-lightning.de\/#organization\"},\"potentialAction\":[{\"@type\":\"SearchAction\",\"target\":{\"@type\":\"EntryPoint\",\"urlTemplate\":\"https:\/\/www.kober-lightning.de\/?s={search_term_string}\"},\"query-input\":\"required name=search_term_string\"}],\"inLanguage\":\"de\"},{\"@type\":\"Organization\",\"@id\":\"https:\/\/www.kober-lightning.de\/#organization\",\"name\":\"Kober lightning GmbH\",\"url\":\"https:\/\/www.kober-lightning.de\/\",\"logo\":{\"@type\":\"ImageObject\",\"inLanguage\":\"de\",\"@id\":\"https:\/\/www.kober-lightning.de\/#\/schema\/logo\/image\/\",\"url\":\"https:\/\/www.kober-lightning.de\/wp-content\/uploads\/2023\/02\/cropped-kober-lightning-quadrat-1.png\",\"contentUrl\":\"https:\/\/www.kober-lightning.de\/wp-content\/uploads\/2023\/02\/cropped-kober-lightning-quadrat-1.png\",\"width\":512,\"height\":512,\"caption\":\"Kober lightning GmbH\"},\"image\":{\"@id\":\"https:\/\/www.kober-lightning.de\/#\/schema\/logo\/image\/\"},\"sameAs\":[\"https:\/\/www.instagram.com\/koberlightning\"]}]}<\/script>\n<!-- \/ Yoast SEO plugin. -->","yoast_head_json":{"title":"Impressum - Kober lightning GmbH Blitzschutz | Photovoltaik | Elektroinstallation","description":"Kober lightning GmbH - Impressum - Blitzschutz und Photovoltaik","robots":{"index":"index","follow":"follow","max-snippet":"max-snippet:-1","max-image-preview":"max-image-preview:large","max-video-preview":"max-video-preview:-1"},"canonical":"https:\/\/www.kober-lightning.de\/index.php\/kober-lightning-gmbh-impressum\/","og_locale":"de_DE","og_type":"article","og_title":"Impressum - Kober lightning GmbH Blitzschutz | Photovoltaik | Elektroinstallation","og_description":"Kober lightning GmbH - Impressum - Blitzschutz und Photovoltaik","og_url":"https:\/\/www.kober-lightning.de\/index.php\/kober-lightning-gmbh-impressum\/","og_site_name":"Kober lightning GmbH Blitzschutz | Photovoltaik | Elektroinstallation","article_modified_time":"2024-05-27T08:55:08+00:00","twitter_card":"summary_large_image","twitter_misc":{"Gesch\u00e4tzte Lesezeit":"3\u00a0Minuten"},"schema":{"@context":"https:\/\/schema.org","@graph":[{"@type":"WebPage","@id":"https:\/\/www.kober-lightning.de\/index.php\/kober-lightning-gmbh-impressum\/","url":"https:\/\/www.kober-lightning.de\/index.php\/kober-lightning-gmbh-impressum\/","name":"Impressum - Kober lightning GmbH Blitzschutz | Photovoltaik | Elektroinstallation","isPartOf":{"@id":"https:\/\/www.kober-lightning.de\/#website"},"datePublished":"2023-02-02T07:14:32+00:00","dateModified":"2024-05-27T08:55:08+00:00","description":"Kober lightning GmbH - Impressum - Blitzschutz und Photovoltaik","breadcrumb":{"@id":"https:\/\/www.kober-lightning.de\/index.php\/kober-lightning-gmbh-impressum\/#breadcrumb"},"inLanguage":"de","potentialAction":[{"@type":"ReadAction","target":["https:\/\/www.kober-lightning.de\/index.php\/kober-lightning-gmbh-impressum\/"]}]},{"@type":"BreadcrumbList","@id":"https:\/\/www.kober-lightning.de\/index.php\/kober-lightning-gmbh-impressum\/#breadcrumb","itemListElement":[{"@type":"ListItem","position":1,"name":"Startseite","item":"https:\/\/www.kober-lightning.de\/"},{"@type":"ListItem","position":2,"name":"Impressum"}]},{"@type":"WebSite","@id":"https:\/\/www.kober-lightning.de\/#website","url":"https:\/\/www.kober-lightning.de\/","name":"Kober lightning GmbH Blitzschutz | Photovoltaik | Elektroinstallation","description":"Blitzschutz | Photovoltaik | Elektroinstallation","publisher":{"@id":"https:\/\/www.kober-lightning.de\/#organization"},"potentialAction":[{"@type":"SearchAction","target":{"@type":"EntryPoint","urlTemplate":"https:\/\/www.kober-lightning.de\/?s={search_term_string}"},"query-input":"required name=search_term_string"}],"inLanguage":"de"},{"@type":"Organization","@id":"https:\/\/www.kober-lightning.de\/#organization","name":"Kober lightning GmbH","url":"https:\/\/www.kober-lightning.de\/","logo":{"@type":"ImageObject","inLanguage":"de","@id":"https:\/\/www.kober-lightning.de\/#\/schema\/logo\/image\/","url":"https:\/\/www.kober-lightning.de\/wp-content\/uploads\/2023\/02\/cropped-kober-lightning-quadrat-1.png","contentUrl":"https:\/\/www.kober-lightning.de\/wp-content\/uploads\/2023\/02\/cropped-kober-lightning-quadrat-1.png","width":512,"height":512,"caption":"Kober lightning GmbH"},"image":{"@id":"https:\/\/www.kober-lightning.de\/#\/schema\/logo\/image\/"},"sameAs":["https:\/\/www.instagram.com\/koberlightning"]}]}},"_links":{"self":[{"href":"https:\/\/www.kober-lightning.de\/index.php\/wp-json\/wp\/v2\/pages\/6404","targetHints":{"allow":["GET"]}}],"collection":[{"href":"https:\/\/www.kober-lightning.de\/index.php\/wp-json\/wp\/v2\/pages"}],"about":[{"href":"https:\/\/www.kober-lightning.de\/index.php\/wp-json\/wp\/v2\/types\/page"}],"author":[{"embeddable":true,"href":"https:\/\/www.kober-lightning.de\/index.php\/wp-json\/wp\/v2\/users\/2"}],"replies":[{"embeddable":true,"href":"https:\/\/www.kober-lightning.de\/index.php\/wp-json\/wp\/v2\/comments?post=6404"}],"version-history":[{"count":2,"href":"https:\/\/www.kober-lightning.de\/index.php\/wp-json\/wp\/v2\/pages\/6404\/revisions"}],"predecessor-version":[{"id":7285,"href":"https:\/\/www.kober-lightning.de\/index.php\/wp-json\/wp\/v2\/pages\/6404\/revisions\/7285"}],"wp:attachment":[{"href":"https:\/\/www.kober-lightning.de\/index.php\/wp-json\/wp\/v2\/media?parent=6404"}],"curies":[{"name":"wp","href":"https:\/\/api.w.org\/{rel}","templated":true}]}}